{"id":2479,"date":"2021-02-22T09:51:11","date_gmt":"2021-02-22T09:51:11","guid":{"rendered":"https:\/\/remocle.online\/?page_id=2479"},"modified":"2022-05-07T05:54:12","modified_gmt":"2022-05-07T05:54:12","slug":"car","status":"publish","type":"page","link":"https:\/\/remocle.online\/index.php\/car\/","title":{"rendered":"\u30af\u30eb\u30de\u63a2\u3057"},"content":{"rendered":"\t\t<div data-elementor-type=\"wp-page\" data-elementor-id=\"2479\" class=\"elementor elementor-2479\" data-elementor-settings=\"[]\">\n\t\t\t\t\t\t<div class=\"elementor-inner\">\n\t\t\t\t\t\t\t<div class=\"elementor-section-wrap\">\n\t\t\t\t\t\t\t<section class=\"elementor-section elementor-top-section elementor-element elementor-element-e3a55d3 elementor-hidden-mobile elementor-section-boxed elementor-section-height-default elementor-section-height-default\" data-id=\"e3a55d3\" data-element_type=\"section\">\n\t\t\t\t\t\t<div class=\"elementor-container elementor-column-gap-default\">\n\t\t\t\t\t\t\t<div class=\"elementor-row\">\n\t\t\t\t\t<div class=\"elementor-column elementor-col-100 elementor-top-column elementor-element elementor-element-a13b63b\" data-id=\"a13b63b\" data-element_type=\"column\">\n\t\t\t<div class=\"elementor-column-wrap elementor-element-populated\">\n\t\t\t\t\t\t\t<div class=\"elementor-widget-wrap\">\n\t\t\t\t\t\t<div class=\"elementor-element elementor-element-d3b6e52 elementor-widget elementor-widget-image\" data-id=\"d3b6e52\" data-element_type=\"widget\" data-widget_type=\"image.default\">\n\t\t\t\t<div class=\"elementor-widget-container\">\n\t\t\t\t\t\t\t\t<div class=\"elementor-image\">\n\t\t\t\t\t\t\t\t\t\t\t\t<img width=\"5335\" height=\"6439\" src=\"https:\/\/remocle.online\/wp-content\/uploads\/2021\/09\/\u6848\u4ef6\u5225\u30d8\u309a\u30fc\u30b7\u3099-08-4.png\" class=\"attachment-full size-full\" alt=\"\" loading=\"lazy\" srcset=\"https:\/\/remocle.online\/wp-content\/uploads\/2021\/09\/\u6848\u4ef6\u5225\u30d8\u309a\u30fc\u30b7\u3099-08-4.png 5335w, https:\/\/remocle.online\/wp-content\/uploads\/2021\/09\/\u6848\u4ef6\u5225\u30d8\u309a\u30fc\u30b7\u3099-08-4-249x300.png 249w, https:\/\/remocle.online\/wp-content\/uploads\/2021\/09\/\u6848\u4ef6\u5225\u30d8\u309a\u30fc\u30b7\u3099-08-4-848x1024.png 848w, https:\/\/remocle.online\/wp-content\/uploads\/2021\/09\/\u6848\u4ef6\u5225\u30d8\u309a\u30fc\u30b7\u3099-08-4-768x927.png 768w, https:\/\/remocle.online\/wp-content\/uploads\/2021\/09\/\u6848\u4ef6\u5225\u30d8\u309a\u30fc\u30b7\u3099-08-4-1273x1536.png 1273w, https:\/\/remocle.online\/wp-content\/uploads\/2021\/09\/\u6848\u4ef6\u5225\u30d8\u309a\u30fc\u30b7\u3099-08-4-1697x2048.png 1697w\" sizes=\"(max-width: 5335px) 100vw, 5335px\" \/>\t\t\t\t\t\t\t\t\t\t\t\t\t\t<\/div>\n\t\t\t\t\t\t<\/div>\n\t\t\t\t<\/div>\n\t\t\t\t\t\t<\/div>\n\t\t\t\t\t<\/div>\n\t\t<\/div>\n\t\t\t\t\t\t\t\t<\/div>\n\t\t\t\t\t<\/div>\n\t\t<\/section>\n\t\t\t\t<section class=\"elementor-section elementor-top-section elementor-element elementor-element-dfb4775 elementor-section-full_width elementor-section-stretched elementor-section-height-default elementor-section-height-default\" data-id=\"dfb4775\" data-element_type=\"section\" data-settings=\"{&quot;stretch_section&quot;:&quot;section-stretched&quot;}\">\n\t\t\t\t\t\t<div class=\"elementor-container elementor-column-gap-no\">\n\t\t\t\t\t\t\t<div class=\"elementor-row\">\n\t\t\t\t\t<div class=\"elementor-column elementor-col-100 elementor-top-column elementor-element elementor-element-50ce545\" data-id=\"50ce545\" data-element_type=\"column\">\n\t\t\t<div class=\"elementor-column-wrap elementor-element-populated\">\n\t\t\t\t\t\t\t<div class=\"elementor-widget-wrap\">\n\t\t\t\t\t\t<div class=\"elementor-element elementor-element-d46632b elementor-hidden-desktop elementor-hidden-tablet elementor-widget elementor-widget-image\" data-id=\"d46632b\" data-element_type=\"widget\" data-widget_type=\"image.default\">\n\t\t\t\t<div class=\"elementor-widget-container\">\n\t\t\t\t\t\t\t\t<div class=\"elementor-image\">\n\t\t\t\t\t\t\t\t\t\t\t\t<img width=\"5335\" height=\"6439\" src=\"https:\/\/remocle.online\/wp-content\/uploads\/2021\/09\/\u6848\u4ef6\u5225\u30d8\u309a\u30fc\u30b7\u3099-08-4.png\" class=\"attachment-full size-full\" alt=\"\" loading=\"lazy\" srcset=\"https:\/\/remocle.online\/wp-content\/uploads\/2021\/09\/\u6848\u4ef6\u5225\u30d8\u309a\u30fc\u30b7\u3099-08-4.png 5335w, https:\/\/remocle.online\/wp-content\/uploads\/2021\/09\/\u6848\u4ef6\u5225\u30d8\u309a\u30fc\u30b7\u3099-08-4-249x300.png 249w, https:\/\/remocle.online\/wp-content\/uploads\/2021\/09\/\u6848\u4ef6\u5225\u30d8\u309a\u30fc\u30b7\u3099-08-4-848x1024.png 848w, https:\/\/remocle.online\/wp-content\/uploads\/2021\/09\/\u6848\u4ef6\u5225\u30d8\u309a\u30fc\u30b7\u3099-08-4-768x927.png 768w, https:\/\/remocle.online\/wp-content\/uploads\/2021\/09\/\u6848\u4ef6\u5225\u30d8\u309a\u30fc\u30b7\u3099-08-4-1273x1536.png 1273w, https:\/\/remocle.online\/wp-content\/uploads\/2021\/09\/\u6848\u4ef6\u5225\u30d8\u309a\u30fc\u30b7\u3099-08-4-1697x2048.png 1697w\" sizes=\"(max-width: 5335px) 100vw, 5335px\" \/>\t\t\t\t\t\t\t\t\t\t\t\t\t\t<\/div>\n\t\t\t\t\t\t<\/div>\n\t\t\t\t<\/div>\n\t\t\t\t\t\t<\/div>\n\t\t\t\t\t<\/div>\n\t\t<\/div>\n\t\t\t\t\t\t\t\t<\/div>\n\t\t\t\t\t<\/div>\n\t\t<\/section>\n\t\t\t\t<section class=\"elementor-section elementor-top-section elementor-element elementor-element-0ae9c71 elementor-section-boxed elementor-section-height-default elementor-section-height-default\" data-id=\"0ae9c71\" data-element_type=\"section\">\n\t\t\t\t\t\t<div class=\"elementor-container elementor-column-gap-default\">\n\t\t\t\t\t\t\t<div class=\"elementor-row\">\n\t\t\t\t\t<div class=\"elementor-column elementor-col-100 elementor-top-column elementor-element elementor-element-4925824\" data-id=\"4925824\" data-element_type=\"column\">\n\t\t\t<div class=\"elementor-column-wrap elementor-element-populated\">\n\t\t\t\t\t\t\t<div class=\"elementor-widget-wrap\">\n\t\t\t\t\t\t<div class=\"elementor-element elementor-element-e131ff4 elementor-widget elementor-widget-heading\" data-id=\"e131ff4\" data-element_type=\"widget\" data-widget_type=\"heading.default\">\n\t\t\t\t<div class=\"elementor-widget-container\">\n\t\t\t<h2 class=\"elementor-heading-title elementor-size-default\">\u304a\u554f\u3044\u5408\u308f\u305b<\/h2>\t\t<\/div>\n\t\t\t\t<\/div>\n\t\t\t\t\t\t<\/div>\n\t\t\t\t\t<\/div>\n\t\t<\/div>\n\t\t\t\t\t\t\t\t<\/div>\n\t\t\t\t\t<\/div>\n\t\t<\/section>\n\t\t\t\t<section class=\"elementor-section elementor-top-section elementor-element elementor-element-90baaa3 elementor-section-boxed elementor-section-height-default elementor-section-height-default\" data-id=\"90baaa3\" data-element_type=\"section\">\n\t\t\t\t\t\t<div class=\"elementor-container elementor-column-gap-default\">\n\t\t\t\t\t\t\t<div class=\"elementor-row\">\n\t\t\t\t\t<div class=\"elementor-column elementor-col-100 elementor-top-column elementor-element elementor-element-b7d1f69\" data-id=\"b7d1f69\" data-element_type=\"column\">\n\t\t\t<div class=\"elementor-column-wrap elementor-element-populated\">\n\t\t\t\t\t\t\t<div class=\"elementor-widget-wrap\">\n\t\t\t\t\t\t<div class=\"elementor-element elementor-element-60ad43f elementor-widget elementor-widget-text-editor\" data-id=\"60ad43f\" data-element_type=\"widget\" data-widget_type=\"text-editor.default\">\n\t\t\t\t<div class=\"elementor-widget-container\">\n\t\t\t\t\t\t\t\t<div class=\"elementor-text-editor elementor-clearfix\">\n\t\t\t\t<p><span style=\"color: #444444; font-family: Quicksand, \u6e38\u30b4\u30b7\u30c3\u30af\u4f53, 'Yu Gothic', YuGothic, '\u30d2\u30e9\u30ae\u30ce\u89d2\u30b4\u30b7\u30c3\u30af Pro', 'Hiragino Kaku Gothic Pro', \u30e1\u30a4\u30ea\u30aa, Meiryo, Osaka, '\uff2d\uff33 \uff30\u30b4\u30b7\u30c3\u30af', 'MS PGothic', sans-serif; font-size: 13px;\">\u9802\u3044\u305f\u304a\u554f\u3044\u5408\u305b\u306b\u3064\u304d\u307e\u3057\u3066\u306f\u3001\u539f\u52473\u55b6\u696d\u65e5\u4ee5\u5185\u306b\u304a\u96fb\u8a71\u306b\u3066\u3054\u9023\u7d61\u3055\u305b\u3066\u9802\u304d\u307e\u3059\u3002\u4e07\u304c\u4e00\u30013\u55b6\u696d\u65e5\u304c\u7d4c\u904e\u3057\u3066\u3082\u9023\u7d61\u304c\u7121\u3044\u5834\u5408\u306f\u3001\u5927\u5909\u304a\u624b\u6570\u3067\u306f\u3054\u3056\u3044\u307e\u3059\u304c\u518d\u5ea6\u3053\u3061\u3089\u306e\u30d5\u30a9\u30fc\u30e0\u306b\u304a\u554f\u3044\u5408\u308f\u305b\u9802\u304f\u3088\u3046\u304a\u9858\u3044\u81f4\u3057\u307e\u3059<\/span><\/p>\t\t\t\t\t<\/div>\n\t\t\t\t\t\t<\/div>\n\t\t\t\t<\/div>\n\t\t\t\t<div class=\"elementor-element elementor-element-f7b78da elementor-widget elementor-widget-shortcode\" data-id=\"f7b78da\" data-element_type=\"widget\" data-widget_type=\"shortcode.default\">\n\t\t\t\t<div class=\"elementor-widget-container\">\n\t\t\t\t\t<div class=\"elementor-shortcode\"><div role=\"form\" class=\"wpcf7\" id=\"wpcf7-f3671-o1\" lang=\"ja\" dir=\"ltr\">\n<div class=\"screen-reader-response\"><p role=\"status\" aria-live=\"polite\" aria-atomic=\"true\"><\/p> <ul><\/ul><\/div>\n<form action=\"\/index.php\/wp-json\/wp\/v2\/pages\/2479#wpcf7-f3671-o1\" method=\"post\" class=\"wpcf7-form init\" novalidate=\"novalidate\" data-status=\"init\">\n<div style=\"display: none;\">\n<input type=\"hidden\" name=\"_wpcf7\" value=\"3671\" \/>\n<input type=\"hidden\" name=\"_wpcf7_version\" value=\"5.5.4\" \/>\n<input type=\"hidden\" name=\"_wpcf7_locale\" value=\"ja\" \/>\n<input type=\"hidden\" name=\"_wpcf7_unit_tag\" value=\"wpcf7-f3671-o1\" \/>\n<input type=\"hidden\" name=\"_wpcf7_container_post\" value=\"0\" \/>\n<input type=\"hidden\" name=\"_wpcf7_posted_data_hash\" value=\"\" \/>\n<\/div>\n<table class=\"cf7_table\">\n<tr>\n<th><span class=\"cf7_req\">\u5fc5\u9808<\/span> \u304a\u540d\u524d<\/th>\n<td><span class=\"wpcf7-form-control-wrap booking-name\"><input type=\"text\" name=\"booking-name\" value=\"\" size=\"40\" class=\"wpcf7-form-control wpcf7-text wpcf7-validates-as-required\" aria-required=\"true\" aria-invalid=\"false\" placeholder=\"\u4f8b\uff1a\u9234\u6728 \u82b1\u5b50\" \/><\/span><\/td>\n<\/tr>\n<tr>\n<th><span class=\"cf7_req\">\u5fc5\u9808<\/span> \u30d5\u30ea\u30ac\u30ca<\/th>\n<td><span class=\"wpcf7-form-control-wrap your-name\"><input type=\"text\" name=\"your-name\" value=\"\" size=\"40\" class=\"wpcf7-form-control wpcf7-text wpcf7-validates-as-required\" aria-required=\"true\" aria-invalid=\"false\" placeholder=\"\u4f8b\uff1a\u30b9\u30ba\u30ad \u30cf\u30ca\u30b3\" \/><\/span> <\/td>\n<\/tr>\n<tr>\n<th><span class=\"cf7_req\">\u5fc5\u9808<\/span> \u30e1\u30fc\u30eb\u30a2\u30c9\u30ec\u30b9<\/th>\n<td><span class=\"wpcf7-form-control-wrap your-email\"><input type=\"email\" name=\"your-email\" value=\"\" size=\"40\" class=\"wpcf7-form-control wpcf7-text wpcf7-email wpcf7-validates-as-required wpcf7-validates-as-email\" aria-required=\"true\" aria-invalid=\"false\" placeholder=\"\u4f8b\uff1a\u00d7\u00d7\u00d7@\u00d7\u00d7\u00d7.com\" \/><\/span><\/td>\n<\/tr>\n<tr>\n<th><span class=\"cf7_req\">\u5fc5\u9808<\/span> \u304a\u96fb\u8a71\u756a\u53f7<\/th>\n<td><span class=\"wpcf7-form-control-wrap your-tel\"><input type=\"text\" name=\"your-tel\" value=\"\" size=\"40\" class=\"wpcf7-form-control wpcf7-text wpcf7-validates-as-required\" aria-required=\"true\" aria-invalid=\"false\" placeholder=\"\u4f8b\uff1a090-1234-5678\" \/><\/span><\/td>\n<\/tr>\n<tr>\n<th><span class=\"cf7_req\">\u5fc5\u9808<\/span> \u3069\u3061\u3089\u306b\u304a\u4f4f\u307e\u3044\u3067\u3059\u304b\uff1f<\/th>\n<td><span class=\"wpcf7-form-control-wrap menu-todouhuken\"><select name=\"menu-todouhuken\" class=\"wpcf7-form-control wpcf7-select wpcf7-validates-as-required\" aria-required=\"true\" aria-invalid=\"false\"><option value=\"\u5317\u6d77\u9053\">\u5317\u6d77\u9053<\/option><option value=\"\u9752\u68ee\u770c\">\u9752\u68ee\u770c<\/option><option value=\"\u5ca9\u624b\u770c\">\u5ca9\u624b\u770c<\/option><option value=\"\u5bae\u57ce\u770c\">\u5bae\u57ce\u770c<\/option><option value=\"\u79cb\u7530\u770c\">\u79cb\u7530\u770c<\/option><option value=\"\u5c71\u5f62\u770c\">\u5c71\u5f62\u770c<\/option><option value=\"\u798f\u5cf6\u770c\">\u798f\u5cf6\u770c<\/option><option value=\"\u8328\u57ce\u770c\">\u8328\u57ce\u770c<\/option><option value=\"\u6803\u6728\u770c\">\u6803\u6728\u770c<\/option><option value=\"\u7fa4\u99ac\u770c\">\u7fa4\u99ac\u770c<\/option><option value=\"\u57fc\u7389\u770c\">\u57fc\u7389\u770c<\/option><option value=\"\u5343\u8449\u770c\">\u5343\u8449\u770c<\/option><option value=\"\u6771\u4eac\u90fd\">\u6771\u4eac\u90fd<\/option><option value=\"\u795e\u5948\u5ddd\u770c\">\u795e\u5948\u5ddd\u770c<\/option><option value=\"\u65b0\u6f5f\u770c\">\u65b0\u6f5f\u770c<\/option><option value=\"\u5bcc\u5c71\u770c\">\u5bcc\u5c71\u770c<\/option><option value=\"\u77f3\u5ddd\u770c\">\u77f3\u5ddd\u770c<\/option><option value=\"\u798f\u4e95\u770c\">\u798f\u4e95\u770c<\/option><option value=\"\u5c71\u68a8\u770c\">\u5c71\u68a8\u770c<\/option><option value=\"\u9577\u91ce\u770c\">\u9577\u91ce\u770c<\/option><option value=\"\u5c90\u961c\u770c\">\u5c90\u961c\u770c<\/option><option value=\"\u9759\u5ca1\u770c\">\u9759\u5ca1\u770c<\/option><option value=\"\u611b\u77e5\u770c\">\u611b\u77e5\u770c<\/option><option value=\"\u4e09\u91cd\u770c\">\u4e09\u91cd\u770c<\/option><option value=\"\u6ecb\u8cc0\u770c\">\u6ecb\u8cc0\u770c<\/option><option value=\"\u4eac\u90fd\u5e9c\">\u4eac\u90fd\u5e9c<\/option><option value=\"\u5927\u962a\u5e9c\">\u5927\u962a\u5e9c<\/option><option value=\"\u5175\u5eab\u770c\">\u5175\u5eab\u770c<\/option><option value=\"\u5948\u826f\u770c\">\u5948\u826f\u770c<\/option><option value=\"\u548c\u6b4c\u5c71\u770c\">\u548c\u6b4c\u5c71\u770c<\/option><option value=\"\u9ce5\u53d6\u770c\">\u9ce5\u53d6\u770c<\/option><option value=\"\u5cf6\u6839\u770c\">\u5cf6\u6839\u770c<\/option><option value=\"\u5ca1\u5c71\u770c\">\u5ca1\u5c71\u770c<\/option><option value=\"\u5e83\u5cf6\u770c\">\u5e83\u5cf6\u770c<\/option><option value=\"\u5c71\u53e3\u770c\">\u5c71\u53e3\u770c<\/option><option value=\"\u5fb3\u5cf6\u770c\">\u5fb3\u5cf6\u770c<\/option><option value=\"\u9999\u5ddd\u770c\">\u9999\u5ddd\u770c<\/option><option value=\"\u611b\u5a9b\u770c\">\u611b\u5a9b\u770c<\/option><option value=\"\u9ad8\u77e5\u770c\">\u9ad8\u77e5\u770c<\/option><option value=\"\u798f\u5ca1\u770c\">\u798f\u5ca1\u770c<\/option><option value=\"\u4f50\u8cc0\u770c\">\u4f50\u8cc0\u770c<\/option><option value=\"\u9577\u5d0e\u770c\">\u9577\u5d0e\u770c<\/option><option value=\"\u718a\u672c\u770c\">\u718a\u672c\u770c<\/option><option value=\"\u5927\u5206\u770c\">\u5927\u5206\u770c<\/option><option value=\"\u5bae\u5d0e\u770c\">\u5bae\u5d0e\u770c<\/option><option value=\"\u9e7f\u5150\u5cf6\u770c\">\u9e7f\u5150\u5cf6\u770c<\/option><option value=\"\u6c96\u7e04\u770c\">\u6c96\u7e04\u770c<\/option><\/select><\/span><\/td>\n<\/tr>\n<tr>\n<th><span class=\"cf7_req\">\u5fc5\u9808<\/span> \u3069\u3061\u3089\u3092\u3054\u4e88\u5b9a\u3055\u308c\u3066\u3044\u307e\u3059\u304b\uff1f<\/th>\n<td><span class=\"wpcf7-form-control-wrap radio-180\"><span class=\"wpcf7-form-control wpcf7-radio\"><span class=\"wpcf7-list-item first\"><label><input type=\"radio\" name=\"radio-180\" value=\"\u8cb7\u3044\u305f\u3044\" checked=\"checked\" \/><span class=\"wpcf7-list-item-label\">\u8cb7\u3044\u305f\u3044<\/span><\/label><\/span><span class=\"wpcf7-list-item last\"><label><input type=\"radio\" name=\"radio-180\" value=\"\u58f2\u308a\u305f\u3044\" \/><span class=\"wpcf7-list-item-label\">\u58f2\u308a\u305f\u3044<\/span><\/label><\/span><\/span><\/span><\/td>\n<\/tr>\n<\/table>\n<p class=\"cf7_btn\"><input type=\"submit\" value=\"\u9001\u4fe1\u3059\u308b\" class=\"wpcf7-form-control has-spinner wpcf7-submit\" \/><\/p>\n<p style=\"display: none !important;\"><label>&#916;<textarea name=\"_wpcf7_ak_hp_textarea\" cols=\"45\" rows=\"8\" maxlength=\"100\"><\/textarea><\/label><input type=\"hidden\" id=\"ak_js_1\" name=\"_wpcf7_ak_js\" value=\"201\"\/><script>document.getElementById( \"ak_js_1\" ).setAttribute( \"value\", ( new Date() ).getTime() );<\/script><\/p><div class=\"wpcf7-response-output\" aria-hidden=\"true\"><\/div><\/form><\/div><\/div>\n\t\t\t\t<\/div>\n\t\t\t\t<\/div>\n\t\t\t\t<div class=\"elementor-element elementor-element-cae2aec elementor-align-justify elementor-widget elementor-widget-button\" data-id=\"cae2aec\" data-element_type=\"widget\" data-widget_type=\"button.default\">\n\t\t\t\t<div class=\"elementor-widget-container\">\n\t\t\t\t\t<div class=\"elementor-button-wrapper\">\n\t\t\t<a href=\"https:\/\/remocle.online\/index.php\/on-line\/\" class=\"elementor-button-link elementor-button elementor-size-xl\" role=\"button\">\n\t\t\t\t\t\t<span class=\"elementor-button-content-wrapper\">\n\t\t\t\t\t\t<span class=\"elementor-button-text\">\u30aa\u30f3\u30e9\u30a4\u30f3\u76f8\u8ac7\u306f\u3053\u3061\u3089<\/span>\n\t\t<\/span>\n\t\t\t\t\t<\/a>\n\t\t<\/div>\n\t\t\t\t<\/div>\n\t\t\t\t<\/div>\n\t\t\t\t\t\t<\/div>\n\t\t\t\t\t<\/div>\n\t\t<\/div>\n\t\t\t\t\t\t\t\t<\/div>\n\t\t\t\t\t<\/div>\n\t\t<\/section>\n\t\t\t\t\t\t<\/div>\n\t\t\t\t\t\t<\/div>\n\t\t\t\t\t<\/div>\n\t\t","protected":false},"excerpt":{"rendered":"<p>\u304a\u554f\u3044\u5408\u308f\u305b \u9802\u3044\u305f\u304a\u554f\u3044\u5408\u305b\u306b\u3064\u304d\u307e\u3057\u3066\u306f\u3001\u539f\u52473\u55b6\u696d\u65e5\u4ee5\u5185\u306b\u304a\u96fb\u8a71\u306b\u3066\u3054\u9023\u7d61\u3055\u305b\u3066\u9802\u304d\u307e\u3059\u3002\u4e07\u304c\u4e00\u30013\u55b6\u696d\u65e5\u304c\u7d4c\u904e\u3057\u3066\u3082\u9023\u7d61\u304c\u7121\u3044\u5834\u5408\u306f\u3001\u5927\u5909\u304a\u624b\u6570\u3067\u306f\u3054\u3056\u3044\u307e\u3059\u304c\u518d\u5ea6\u3053\u3061\u3089\u306e\u30d5\u30a9\u30fc\u30e0\u306b\u304a\u554f\u3044\u5408\u308f\u305b\u9802\u304f\u3088\u3046\u304a\u9858\u3044\u81f4\u3057 [&hellip;]<\/p>\n","protected":false},"author":1,"featured_media":0,"parent":0,"menu_order":0,"comment_status":"closed","ping_status":"closed","template":"","meta":[],"_links":{"self":[{"href":"https:\/\/remocle.online\/index.php\/wp-json\/wp\/v2\/pages\/2479"}],"collection":[{"href":"https:\/\/remocle.online\/index.php\/wp-json\/wp\/v2\/pages"}],"about":[{"href":"https:\/\/remocle.online\/index.php\/wp-json\/wp\/v2\/types\/page"}],"author":[{"embeddable":true,"href":"https:\/\/remocle.online\/index.php\/wp-json\/wp\/v2\/users\/1"}],"replies":[{"embeddable":true,"href":"https:\/\/remocle.online\/index.php\/wp-json\/wp\/v2\/comments?post=2479"}],"version-history":[{"count":34,"href":"https:\/\/remocle.online\/index.php\/wp-json\/wp\/v2\/pages\/2479\/revisions"}],"predecessor-version":[{"id":4604,"href":"https:\/\/remocle.online\/index.php\/wp-json\/wp\/v2\/pages\/2479\/revisions\/4604"}],"wp:attachment":[{"href":"https:\/\/remocle.online\/index.php\/wp-json\/wp\/v2\/media?parent=2479"}],"curies":[{"name":"wp","href":"https:\/\/api.w.org\/{rel}","templated":true}]}}