{"id":2480,"date":"2021-02-22T09:51:13","date_gmt":"2021-02-22T09:51:13","guid":{"rendered":"https:\/\/remocle.online\/?page_id=2480"},"modified":"2022-05-07T05:52:32","modified_gmt":"2022-05-07T05:52:32","slug":"real-estate","status":"publish","type":"page","link":"https:\/\/remocle.online\/index.php\/real-estate\/","title":{"rendered":"\u304a\u90e8\u5c4b\u63a2\u3057"},"content":{"rendered":"\t\t<div data-elementor-type=\"wp-page\" data-elementor-id=\"2480\" class=\"elementor elementor-2480\" data-elementor-settings=\"[]\">\n\t\t\t\t\t\t<div class=\"elementor-inner\">\n\t\t\t\t\t\t\t<div class=\"elementor-section-wrap\">\n\t\t\t\t\t\t\t<section class=\"elementor-section elementor-top-section elementor-element elementor-element-3a23f96 elementor-hidden-mobile elementor-section-boxed elementor-section-height-default elementor-section-height-default\" data-id=\"3a23f96\" data-element_type=\"section\">\n\t\t\t\t\t\t<div class=\"elementor-container elementor-column-gap-default\">\n\t\t\t\t\t\t\t<div class=\"elementor-row\">\n\t\t\t\t\t<div class=\"elementor-column elementor-col-100 elementor-top-column elementor-element elementor-element-2c141be\" data-id=\"2c141be\" data-element_type=\"column\">\n\t\t\t<div class=\"elementor-column-wrap elementor-element-populated\">\n\t\t\t\t\t\t\t<div class=\"elementor-widget-wrap\">\n\t\t\t\t\t\t<div class=\"elementor-element elementor-element-86547f2 elementor-widget elementor-widget-image\" data-id=\"86547f2\" data-element_type=\"widget\" data-widget_type=\"image.default\">\n\t\t\t\t<div class=\"elementor-widget-container\">\n\t\t\t\t\t\t\t\t<div class=\"elementor-image\">\n\t\t\t\t\t\t\t\t\t\t\t\t<img width=\"5334\" height=\"10676\" src=\"https:\/\/remocle.online\/wp-content\/uploads\/2021\/09\/\u6848\u4ef6\u5225\u30d8\u309a\u30fc\u30b7\u3099-07-1.png\" class=\"attachment-full size-full\" alt=\"\" loading=\"lazy\" srcset=\"https:\/\/remocle.online\/wp-content\/uploads\/2021\/09\/\u6848\u4ef6\u5225\u30d8\u309a\u30fc\u30b7\u3099-07-1.png 5334w, https:\/\/remocle.online\/wp-content\/uploads\/2021\/09\/\u6848\u4ef6\u5225\u30d8\u309a\u30fc\u30b7\u3099-07-1-150x300.png 150w, https:\/\/remocle.online\/wp-content\/uploads\/2021\/09\/\u6848\u4ef6\u5225\u30d8\u309a\u30fc\u30b7\u3099-07-1-512x1024.png 512w, https:\/\/remocle.online\/wp-content\/uploads\/2021\/09\/\u6848\u4ef6\u5225\u30d8\u309a\u30fc\u30b7\u3099-07-1-768x1537.png 768w, https:\/\/remocle.online\/wp-content\/uploads\/2021\/09\/\u6848\u4ef6\u5225\u30d8\u309a\u30fc\u30b7\u3099-07-1-767x1536.png 767w, https:\/\/remocle.online\/wp-content\/uploads\/2021\/09\/\u6848\u4ef6\u5225\u30d8\u309a\u30fc\u30b7\u3099-07-1-1023x2048.png 1023w\" sizes=\"(max-width: 5334px) 100vw, 5334px\" \/>\t\t\t\t\t\t\t\t\t\t\t\t\t\t<\/div>\n\t\t\t\t\t\t<\/div>\n\t\t\t\t<\/div>\n\t\t\t\t\t\t<\/div>\n\t\t\t\t\t<\/div>\n\t\t<\/div>\n\t\t\t\t\t\t\t\t<\/div>\n\t\t\t\t\t<\/div>\n\t\t<\/section>\n\t\t\t\t<section class=\"elementor-section elementor-top-section elementor-element elementor-element-dc5f823 elementor-section-full_width elementor-section-stretched elementor-hidden-desktop elementor-hidden-tablet elementor-section-height-default elementor-section-height-default\" data-id=\"dc5f823\" data-element_type=\"section\" data-settings=\"{&quot;stretch_section&quot;:&quot;section-stretched&quot;}\">\n\t\t\t\t\t\t<div class=\"elementor-container elementor-column-gap-no\">\n\t\t\t\t\t\t\t<div class=\"elementor-row\">\n\t\t\t\t\t<div class=\"elementor-column elementor-col-100 elementor-top-column elementor-element elementor-element-0d067e7\" data-id=\"0d067e7\" data-element_type=\"column\">\n\t\t\t<div class=\"elementor-column-wrap elementor-element-populated\">\n\t\t\t\t\t\t\t<div class=\"elementor-widget-wrap\">\n\t\t\t\t\t\t<div class=\"elementor-element elementor-element-c417dc2 elementor-widget elementor-widget-image\" data-id=\"c417dc2\" data-element_type=\"widget\" data-widget_type=\"image.default\">\n\t\t\t\t<div class=\"elementor-widget-container\">\n\t\t\t\t\t\t\t\t<div class=\"elementor-image\">\n\t\t\t\t\t\t\t\t\t\t\t\t<img width=\"5334\" height=\"10676\" src=\"https:\/\/remocle.online\/wp-content\/uploads\/2021\/09\/\u6848\u4ef6\u5225\u30d8\u309a\u30fc\u30b7\u3099-07-2.png\" class=\"attachment-full size-full\" alt=\"\" loading=\"lazy\" srcset=\"https:\/\/remocle.online\/wp-content\/uploads\/2021\/09\/\u6848\u4ef6\u5225\u30d8\u309a\u30fc\u30b7\u3099-07-2.png 5334w, https:\/\/remocle.online\/wp-content\/uploads\/2021\/09\/\u6848\u4ef6\u5225\u30d8\u309a\u30fc\u30b7\u3099-07-2-150x300.png 150w, https:\/\/remocle.online\/wp-content\/uploads\/2021\/09\/\u6848\u4ef6\u5225\u30d8\u309a\u30fc\u30b7\u3099-07-2-512x1024.png 512w, https:\/\/remocle.online\/wp-content\/uploads\/2021\/09\/\u6848\u4ef6\u5225\u30d8\u309a\u30fc\u30b7\u3099-07-2-768x1537.png 768w, https:\/\/remocle.online\/wp-content\/uploads\/2021\/09\/\u6848\u4ef6\u5225\u30d8\u309a\u30fc\u30b7\u3099-07-2-767x1536.png 767w, https:\/\/remocle.online\/wp-content\/uploads\/2021\/09\/\u6848\u4ef6\u5225\u30d8\u309a\u30fc\u30b7\u3099-07-2-1023x2048.png 1023w\" sizes=\"(max-width: 5334px) 100vw, 5334px\" \/>\t\t\t\t\t\t\t\t\t\t\t\t\t\t<\/div>\n\t\t\t\t\t\t<\/div>\n\t\t\t\t<\/div>\n\t\t\t\t\t\t<\/div>\n\t\t\t\t\t<\/div>\n\t\t<\/div>\n\t\t\t\t\t\t\t\t<\/div>\n\t\t\t\t\t<\/div>\n\t\t<\/section>\n\t\t\t\t<section class=\"elementor-section elementor-top-section elementor-element elementor-element-a6d7372 elementor-section-boxed elementor-section-height-default elementor-section-height-default\" data-id=\"a6d7372\" data-element_type=\"section\">\n\t\t\t\t\t\t<div class=\"elementor-container elementor-column-gap-default\">\n\t\t\t\t\t\t\t<div class=\"elementor-row\">\n\t\t\t\t\t<div class=\"elementor-column elementor-col-100 elementor-top-column elementor-element elementor-element-dd4f2f7\" data-id=\"dd4f2f7\" data-element_type=\"column\">\n\t\t\t<div class=\"elementor-column-wrap elementor-element-populated\">\n\t\t\t\t\t\t\t<div class=\"elementor-widget-wrap\">\n\t\t\t\t\t\t<div class=\"elementor-element elementor-element-61efa63 elementor-widget elementor-widget-heading\" data-id=\"61efa63\" data-element_type=\"widget\" data-widget_type=\"heading.default\">\n\t\t\t\t<div class=\"elementor-widget-container\">\n\t\t\t<h2 class=\"elementor-heading-title elementor-size-default\">\u304a\u554f\u3044\u5408\u308f\u305b<\/h2>\t\t<\/div>\n\t\t\t\t<\/div>\n\t\t\t\t\t\t<\/div>\n\t\t\t\t\t<\/div>\n\t\t<\/div>\n\t\t\t\t\t\t\t\t<\/div>\n\t\t\t\t\t<\/div>\n\t\t<\/section>\n\t\t\t\t<section class=\"elementor-section elementor-top-section elementor-element elementor-element-e39edf8 elementor-section-boxed elementor-section-height-default elementor-section-height-default\" data-id=\"e39edf8\" data-element_type=\"section\">\n\t\t\t\t\t\t<div class=\"elementor-container elementor-column-gap-default\">\n\t\t\t\t\t\t\t<div class=\"elementor-row\">\n\t\t\t\t\t<div class=\"elementor-column elementor-col-100 elementor-top-column elementor-element elementor-element-db5e0fb\" data-id=\"db5e0fb\" data-element_type=\"column\">\n\t\t\t<div class=\"elementor-column-wrap elementor-element-populated\">\n\t\t\t\t\t\t\t<div class=\"elementor-widget-wrap\">\n\t\t\t\t\t\t<div class=\"elementor-element elementor-element-768f364 elementor-widget elementor-widget-text-editor\" data-id=\"768f364\" data-element_type=\"widget\" data-widget_type=\"text-editor.default\">\n\t\t\t\t<div class=\"elementor-widget-container\">\n\t\t\t\t\t\t\t\t<div class=\"elementor-text-editor elementor-clearfix\">\n\t\t\t\t<p><span style=\"color: rgb(68, 68, 68); font-family: Quicksand, \u6e38\u30b4\u30b7\u30c3\u30af\u4f53, &quot;Yu Gothic&quot;, YuGothic, &quot;\u30d2\u30e9\u30ae\u30ce\u89d2\u30b4\u30b7\u30c3\u30af Pro&quot;, &quot;Hiragino Kaku Gothic Pro&quot;, \u30e1\u30a4\u30ea\u30aa, Meiryo, Osaka, &quot;\uff2d\uff33 \uff30\u30b4\u30b7\u30c3\u30af&quot;, &quot;MS PGothic&quot;, sans-serif; font-size: 13px;\">\u9802\u3044\u305f\u304a\u554f\u3044\u5408\u305b\u306b\u3064\u304d\u307e\u3057\u3066\u306f\u3001\u539f\u52473\u55b6\u696d\u65e5\u4ee5\u5185\u306b\u304a\u96fb\u8a71\u306b\u3066\u3054\u9023\u7d61\u3055\u305b\u3066\u9802\u304d\u307e\u3059\u3002\u4e07\u304c\u4e00\u30013\u55b6\u696d\u65e5\u304c\u7d4c\u904e\u3057\u3066\u3082\u9023\u7d61\u304c\u7121\u3044\u5834\u5408\u306f\u3001\u5927\u5909\u304a\u624b\u6570\u3067\u306f\u3054\u3056\u3044\u307e\u3059\u304c\u518d\u5ea6\u3053\u3061\u3089\u306e\u30d5\u30a9\u30fc\u30e0\u306b\u304a\u554f\u3044\u5408\u308f\u305b\u9802\u304f\u3088\u3046\u304a\u9858\u3044\u81f4\u3057\u307e\u3059<\/span><br><\/p>\t\t\t\t\t<\/div>\n\t\t\t\t\t\t<\/div>\n\t\t\t\t<\/div>\n\t\t\t\t<div class=\"elementor-element elementor-element-7a95768 elementor-widget elementor-widget-shortcode\" data-id=\"7a95768\" data-element_type=\"widget\" data-widget_type=\"shortcode.default\">\n\t\t\t\t<div class=\"elementor-widget-container\">\n\t\t\t\t\t<div class=\"elementor-shortcode\"><div role=\"form\" class=\"wpcf7\" id=\"wpcf7-f3676-o1\" lang=\"ja\" dir=\"ltr\">\n<div class=\"screen-reader-response\"><p role=\"status\" aria-live=\"polite\" aria-atomic=\"true\"><\/p> <ul><\/ul><\/div>\n<form action=\"\/index.php\/wp-json\/wp\/v2\/pages\/2480#wpcf7-f3676-o1\" method=\"post\" class=\"wpcf7-form init\" novalidate=\"novalidate\" data-status=\"init\">\n<div style=\"display: none;\">\n<input type=\"hidden\" name=\"_wpcf7\" value=\"3676\" \/>\n<input type=\"hidden\" name=\"_wpcf7_version\" value=\"5.5.4\" \/>\n<input type=\"hidden\" name=\"_wpcf7_locale\" value=\"ja\" \/>\n<input type=\"hidden\" name=\"_wpcf7_unit_tag\" value=\"wpcf7-f3676-o1\" \/>\n<input type=\"hidden\" name=\"_wpcf7_container_post\" value=\"0\" \/>\n<input type=\"hidden\" name=\"_wpcf7_posted_data_hash\" value=\"\" \/>\n<\/div>\n<table class=\"cf7_table\">\n<tr>\n<th><span class=\"cf7_req\">\u5fc5\u9808<\/span> \u304a\u540d\u524d<\/th>\n<td><span class=\"wpcf7-form-control-wrap booking-name\"><input type=\"text\" name=\"booking-name\" value=\"\" size=\"40\" class=\"wpcf7-form-control wpcf7-text wpcf7-validates-as-required\" aria-required=\"true\" aria-invalid=\"false\" placeholder=\"\u4f8b\uff1a\u9234\u6728 \u82b1\u5b50\" \/><\/span><\/td>\n<\/tr>\n<tr>\n<th><span class=\"cf7_req\">\u5fc5\u9808<\/span> \u30d5\u30ea\u30ac\u30ca<\/th>\n<td><span class=\"wpcf7-form-control-wrap your-name\"><input type=\"text\" name=\"your-name\" value=\"\" size=\"40\" class=\"wpcf7-form-control wpcf7-text wpcf7-validates-as-required\" aria-required=\"true\" aria-invalid=\"false\" placeholder=\"\u4f8b\uff1a\u30b9\u30ba\u30ad \u30cf\u30ca\u30b3\" \/><\/span> <\/td>\n<\/tr>\n<tr>\n<th><span class=\"cf7_req\">\u5fc5\u9808<\/span> \u30e1\u30fc\u30eb\u30a2\u30c9\u30ec\u30b9<\/th>\n<td><span class=\"wpcf7-form-control-wrap your-email\"><input type=\"email\" name=\"your-email\" value=\"\" size=\"40\" class=\"wpcf7-form-control wpcf7-text wpcf7-email wpcf7-validates-as-required wpcf7-validates-as-email\" aria-required=\"true\" aria-invalid=\"false\" placeholder=\"\u4f8b\uff1a\u00d7\u00d7\u00d7@\u00d7\u00d7\u00d7.com\" \/><\/span><\/td>\n<\/tr>\n<tr>\n<th><span class=\"cf7_req\">\u5fc5\u9808<\/span> \u304a\u96fb\u8a71\u756a\u53f7<\/th>\n<td><span class=\"wpcf7-form-control-wrap your-tel\"><input type=\"text\" name=\"your-tel\" value=\"\" size=\"40\" class=\"wpcf7-form-control wpcf7-text wpcf7-validates-as-required\" aria-required=\"true\" aria-invalid=\"false\" placeholder=\"\u4f8b\uff1a090-1234-5678\" \/><\/span><\/td>\n<\/tr>\n<tr>\n<th><span class=\"cf7_req\">\u5fc5\u9808<\/span> \u3069\u3061\u3089\u306b\u304a\u4f4f\u307e\u3044\u3067\u3059\u304b\uff1f<\/th>\n<td><span class=\"wpcf7-form-control-wrap menu-todouhuken\"><select name=\"menu-todouhuken\" class=\"wpcf7-form-control wpcf7-select wpcf7-validates-as-required\" aria-required=\"true\" aria-invalid=\"false\"><option value=\"\u5317\u6d77\u9053\">\u5317\u6d77\u9053<\/option><option value=\"\u9752\u68ee\u770c\">\u9752\u68ee\u770c<\/option><option value=\"\u5ca9\u624b\u770c\">\u5ca9\u624b\u770c<\/option><option value=\"\u5bae\u57ce\u770c\">\u5bae\u57ce\u770c<\/option><option value=\"\u79cb\u7530\u770c\">\u79cb\u7530\u770c<\/option><option value=\"\u5c71\u5f62\u770c\">\u5c71\u5f62\u770c<\/option><option value=\"\u798f\u5cf6\u770c\">\u798f\u5cf6\u770c<\/option><option value=\"\u8328\u57ce\u770c\">\u8328\u57ce\u770c<\/option><option value=\"\u6803\u6728\u770c\">\u6803\u6728\u770c<\/option><option value=\"\u7fa4\u99ac\u770c\">\u7fa4\u99ac\u770c<\/option><option value=\"\u57fc\u7389\u770c\">\u57fc\u7389\u770c<\/option><option value=\"\u5343\u8449\u770c\">\u5343\u8449\u770c<\/option><option value=\"\u6771\u4eac\u90fd\">\u6771\u4eac\u90fd<\/option><option value=\"\u795e\u5948\u5ddd\u770c\">\u795e\u5948\u5ddd\u770c<\/option><option value=\"\u65b0\u6f5f\u770c\">\u65b0\u6f5f\u770c<\/option><option value=\"\u5bcc\u5c71\u770c\">\u5bcc\u5c71\u770c<\/option><option value=\"\u77f3\u5ddd\u770c\">\u77f3\u5ddd\u770c<\/option><option value=\"\u798f\u4e95\u770c\">\u798f\u4e95\u770c<\/option><option value=\"\u5c71\u68a8\u770c\">\u5c71\u68a8\u770c<\/option><option value=\"\u9577\u91ce\u770c\">\u9577\u91ce\u770c<\/option><option value=\"\u5c90\u961c\u770c\">\u5c90\u961c\u770c<\/option><option value=\"\u9759\u5ca1\u770c\">\u9759\u5ca1\u770c<\/option><option value=\"\u611b\u77e5\u770c\">\u611b\u77e5\u770c<\/option><option value=\"\u4e09\u91cd\u770c\">\u4e09\u91cd\u770c<\/option><option value=\"\u6ecb\u8cc0\u770c\">\u6ecb\u8cc0\u770c<\/option><option value=\"\u4eac\u90fd\u5e9c\">\u4eac\u90fd\u5e9c<\/option><option value=\"\u5927\u962a\u5e9c\">\u5927\u962a\u5e9c<\/option><option value=\"\u5175\u5eab\u770c\">\u5175\u5eab\u770c<\/option><option value=\"\u5948\u826f\u770c\">\u5948\u826f\u770c<\/option><option value=\"\u548c\u6b4c\u5c71\u770c\">\u548c\u6b4c\u5c71\u770c<\/option><option value=\"\u9ce5\u53d6\u770c\">\u9ce5\u53d6\u770c<\/option><option value=\"\u5cf6\u6839\u770c\">\u5cf6\u6839\u770c<\/option><option value=\"\u5ca1\u5c71\u770c\">\u5ca1\u5c71\u770c<\/option><option value=\"\u5e83\u5cf6\u770c\">\u5e83\u5cf6\u770c<\/option><option value=\"\u5c71\u53e3\u770c\">\u5c71\u53e3\u770c<\/option><option value=\"\u5fb3\u5cf6\u770c\">\u5fb3\u5cf6\u770c<\/option><option value=\"\u9999\u5ddd\u770c\">\u9999\u5ddd\u770c<\/option><option value=\"\u611b\u5a9b\u770c\">\u611b\u5a9b\u770c<\/option><option value=\"\u9ad8\u77e5\u770c\">\u9ad8\u77e5\u770c<\/option><option value=\"\u798f\u5ca1\u770c\">\u798f\u5ca1\u770c<\/option><option value=\"\u4f50\u8cc0\u770c\">\u4f50\u8cc0\u770c<\/option><option value=\"\u9577\u5d0e\u770c\">\u9577\u5d0e\u770c<\/option><option value=\"\u718a\u672c\u770c\">\u718a\u672c\u770c<\/option><option value=\"\u5927\u5206\u770c\">\u5927\u5206\u770c<\/option><option value=\"\u5bae\u5d0e\u770c\">\u5bae\u5d0e\u770c<\/option><option value=\"\u9e7f\u5150\u5cf6\u770c\">\u9e7f\u5150\u5cf6\u770c<\/option><option value=\"\u6c96\u7e04\u770c\">\u6c96\u7e04\u770c<\/option><\/select><\/span><\/td>\n<\/tr>\n<tr>\n<th><span class=\"cf7_req\">\u5fc5\u9808<\/span> \u5f15\u3063\u8d8a\u3057\u6642\u671f<\/th>\n<td><span class=\"wpcf7-form-control-wrap radio-181\"><span class=\"wpcf7-form-control wpcf7-radio\"><span class=\"wpcf7-list-item first\"><label><input type=\"radio\" name=\"radio-181\" value=\"\u534a\u5e74\u672a\u6e80\" checked=\"checked\" \/><span class=\"wpcf7-list-item-label\">\u534a\u5e74\u672a\u6e80<\/span><\/label><\/span><span class=\"wpcf7-list-item\"><label><input type=\"radio\" name=\"radio-181\" value=\"\u534a\u5e74\u4ee5\u4e0a1\u5e74\u672a\u6e80\" \/><span class=\"wpcf7-list-item-label\">\u534a\u5e74\u4ee5\u4e0a1\u5e74\u672a\u6e80<\/span><\/label><\/span><span class=\"wpcf7-list-item last\"><label><input type=\"radio\" name=\"radio-181\" value=\"1\u5e74\u4ee5\u4e0a\" \/><span class=\"wpcf7-list-item-label\">1\u5e74\u4ee5\u4e0a<\/span><\/label><\/span><\/span><\/span><\/td>\n<\/tr>\n<\/table>\n<p class=\"cf7_btn\"><input type=\"submit\" value=\"\u9001\u4fe1\u3059\u308b\" class=\"wpcf7-form-control has-spinner wpcf7-submit\" \/><\/p>\n<p style=\"display: none !important;\"><label>&#916;<textarea name=\"_wpcf7_ak_hp_textarea\" cols=\"45\" rows=\"8\" maxlength=\"100\"><\/textarea><\/label><input type=\"hidden\" id=\"ak_js_1\" name=\"_wpcf7_ak_js\" value=\"69\"\/><script>document.getElementById( \"ak_js_1\" ).setAttribute( \"value\", ( new Date() ).getTime() );<\/script><\/p><div class=\"wpcf7-response-output\" aria-hidden=\"true\"><\/div><\/form><\/div><\/div>\n\t\t\t\t<\/div>\n\t\t\t\t<\/div>\n\t\t\t\t<div class=\"elementor-element elementor-element-fddca11 elementor-align-justify elementor-widget elementor-widget-button\" data-id=\"fddca11\" data-element_type=\"widget\" data-widget_type=\"button.default\">\n\t\t\t\t<div class=\"elementor-widget-container\">\n\t\t\t\t\t<div class=\"elementor-button-wrapper\">\n\t\t\t<a href=\"https:\/\/remocle.online\/index.php\/on-line\/\" class=\"elementor-button-link elementor-button elementor-size-xl\" role=\"button\">\n\t\t\t\t\t\t<span class=\"elementor-button-content-wrapper\">\n\t\t\t\t\t\t<span class=\"elementor-button-text\">\u30aa\u30f3\u30e9\u30a4\u30f3\u76f8\u8ac7\u306f\u3053\u3061\u3089<\/span>\n\t\t<\/span>\n\t\t\t\t\t<\/a>\n\t\t<\/div>\n\t\t\t\t<\/div>\n\t\t\t\t<\/div>\n\t\t\t\t\t\t<\/div>\n\t\t\t\t\t<\/div>\n\t\t<\/div>\n\t\t\t\t\t\t\t\t<\/div>\n\t\t\t\t\t<\/div>\n\t\t<\/section>\n\t\t\t\t\t\t<\/div>\n\t\t\t\t\t\t<\/div>\n\t\t\t\t\t<\/div>\n\t\t","protected":false},"excerpt":{"rendered":"<p>\u304a\u554f\u3044\u5408\u308f\u305b \u9802\u3044\u305f\u304a\u554f\u3044\u5408\u305b\u306b\u3064\u304d\u307e\u3057\u3066\u306f\u3001\u539f\u52473\u55b6\u696d\u65e5\u4ee5\u5185\u306b\u304a\u96fb\u8a71\u306b\u3066\u3054\u9023\u7d61\u3055\u305b\u3066\u9802\u304d\u307e\u3059\u3002\u4e07\u304c\u4e00\u30013\u55b6\u696d\u65e5\u304c\u7d4c\u904e\u3057\u3066\u3082\u9023\u7d61\u304c\u7121\u3044\u5834\u5408\u306f\u3001\u5927\u5909\u304a\u624b\u6570\u3067\u306f\u3054\u3056\u3044\u307e\u3059\u304c\u518d\u5ea6\u3053\u3061\u3089\u306e\u30d5\u30a9\u30fc\u30e0\u306b\u304a\u554f\u3044\u5408\u308f\u305b\u9802\u304f\u3088\u3046\u304a\u9858\u3044\u81f4\u3057 [&hellip;]<\/p>\n","protected":false},"author":1,"featured_media":0,"parent":0,"menu_order":0,"comment_status":"closed","ping_status":"closed","template":"","meta":[],"_links":{"self":[{"href":"https:\/\/remocle.online\/index.php\/wp-json\/wp\/v2\/pages\/2480"}],"collection":[{"href":"https:\/\/remocle.online\/index.php\/wp-json\/wp\/v2\/pages"}],"about":[{"href":"https:\/\/remocle.online\/index.php\/wp-json\/wp\/v2\/types\/page"}],"author":[{"embeddable":true,"href":"https:\/\/remocle.online\/index.php\/wp-json\/wp\/v2\/users\/1"}],"replies":[{"embeddable":true,"href":"https:\/\/remocle.online\/index.php\/wp-json\/wp\/v2\/comments?post=2480"}],"version-history":[{"count":39,"href":"https:\/\/remocle.online\/index.php\/wp-json\/wp\/v2\/pages\/2480\/revisions"}],"predecessor-version":[{"id":4600,"href":"https:\/\/remocle.online\/index.php\/wp-json\/wp\/v2\/pages\/2480\/revisions\/4600"}],"wp:attachment":[{"href":"https:\/\/remocle.online\/index.php\/wp-json\/wp\/v2\/media?parent=2480"}],"curies":[{"name":"wp","href":"https:\/\/api.w.org\/{rel}","templated":true}]}}